{"id":1083,"date":"2025-08-12T09:23:11","date_gmt":"2025-08-12T07:23:11","guid":{"rendered":"https:\/\/nkenv.de\/?page_id=1083"},"modified":"2025-11-19T14:06:14","modified_gmt":"2025-11-19T13:06:14","slug":"veranstaltungen","status":"publish","type":"page","link":"https:\/\/nkenv.de\/?page_id=1083","title":{"rendered":"Veranstaltungen"},"content":{"rendered":"\n<p>Hier gehts zu den n\u00e4chsten Veranstaltungen:<\/p>\n\n\n\n<p><\/p>\n\n\n\n<p>Derzeit gibt es keine Veranstaltungen. Die Planung f\u00fcr 2026 wird in K\u00fcrze online erscheinen.<\/p>\n\n\n\n<p><\/p>\n\n\n\n<p><\/p>\n","protected":false},"excerpt":{"rendered":"<p>Hier gehts zu den n\u00e4chsten Veranstaltungen: Derzeit gibt es keine Veranstaltungen. Die Planung f\u00fcr 2026 wird in K\u00fcrze online erscheinen.<\/p>\n","protected":false},"author":1,"featured_media":0,"parent":0,"menu_order":0,"comment_status":"closed","ping_status":"closed","template":"","meta":{"footnotes":""},"simple-restrict-permission":[],"class_list":["post-1083","page","type-page","status-publish","hentry"],"_links":{"self":[{"href":"https:\/\/nkenv.de\/index.php?rest_route=\/wp\/v2\/pages\/1083","targetHints":{"allow":["GET"]}}],"collection":[{"href":"https:\/\/nkenv.de\/index.php?rest_route=\/wp\/v2\/pages"}],"about":[{"href":"https:\/\/nkenv.de\/index.php?rest_route=\/wp\/v2\/types\/page"}],"author":[{"embeddable":true,"href":"https:\/\/nkenv.de\/index.php?rest_route=\/wp\/v2\/users\/1"}],"replies":[{"embeddable":true,"href":"https:\/\/nkenv.de\/index.php?rest_route=%2Fwp%2Fv2%2Fcomments&post=1083"}],"version-history":[{"count":3,"href":"https:\/\/nkenv.de\/index.php?rest_route=\/wp\/v2\/pages\/1083\/revisions"}],"predecessor-version":[{"id":1121,"href":"https:\/\/nkenv.de\/index.php?rest_route=\/wp\/v2\/pages\/1083\/revisions\/1121"}],"wp:attachment":[{"href":"https:\/\/nkenv.de\/index.php?rest_route=%2Fwp%2Fv2%2Fmedia&parent=1083"}],"wp:term":[{"taxonomy":"simple-restrict-permission","embeddable":true,"href":"https:\/\/nkenv.de\/index.php?rest_route=%2Fwp%2Fv2%2Fsimple-restrict-permission&post=1083"}],"curies":[{"name":"wp","href":"https:\/\/api.w.org\/{rel}","templated":true}]}}