{"id":172,"date":"2016-02-28T12:18:56","date_gmt":"2016-02-28T11:18:56","guid":{"rendered":"http:\/\/nkenv.de\/?page_id=172"},"modified":"2023-12-06T12:15:20","modified_gmt":"2023-12-06T11:15:20","slug":"der-nkenv","status":"publish","type":"page","link":"https:\/\/nkenv.de\/","title":{"rendered":"Der NKenV"},"content":{"rendered":"\n<figure class=\"wp-block-image size-large is-resized\"><a href=\"https:\/\/nkenv.de\/wp-content\/uploads\/2023\/12\/NKenV_LogoHD.jpg\"><img loading=\"lazy\" decoding=\"async\" width=\"1024\" height=\"933\" src=\"https:\/\/nkenv.de\/wp-content\/uploads\/2023\/12\/NKenV_LogoHD-1024x933.jpg\" alt=\"\" class=\"wp-image-921\" style=\"width:102px;height:auto\" srcset=\"https:\/\/nkenv.de\/wp-content\/uploads\/2023\/12\/NKenV_LogoHD-1024x933.jpg 1024w, https:\/\/nkenv.de\/wp-content\/uploads\/2023\/12\/NKenV_LogoHD-300x273.jpg 300w, https:\/\/nkenv.de\/wp-content\/uploads\/2023\/12\/NKenV_LogoHD-768x700.jpg 768w, https:\/\/nkenv.de\/wp-content\/uploads\/2023\/12\/NKenV_LogoHD-1536x1400.jpg 1536w, https:\/\/nkenv.de\/wp-content\/uploads\/2023\/12\/NKenV_LogoHD.jpg 1838w\" sizes=\"auto, (max-width: 767px) 89vw, (max-width: 1000px) 54vw, (max-width: 1071px) 543px, 580px\" \/><\/a><\/figure>\n\n\n<h2><span style=\"color: #808080;\">Kendo in Niedersachsen<br \/>\n<\/span><\/h2>\n<h2><\/h2>\n<p>Herzlich Willkommen auf der Webseite des Nieders\u00e4chsischen Kendoverband e.V. (NKenV).<\/p>\n<p>Hier finden Sie Informationen und Ansprechpartner Rund um das Thema Kendo in Niedersachsen. Schauen Sie sich gerne in Ruhe um.<\/p>\n<p>&nbsp;<\/p>\n<p>&nbsp;<\/p>\n<p><cite><em>&#8222;Der NKenV verfolgt insbesondere den Zweck, die Kendovereine, Kendoabteilungen in Sportvereinen und sonstigen Gemeinschaften die Kendo im Sinne des Amateurgedankens betreiben in Niedersachsen zusammenzuschlie\u00dfen und Kendo als K\u00f6rper- und Geisteskultur zu pflegen und zu f\u00f6rdern&#8230;&#8220; <\/em><small>(Auszug aus der Satzung des Verbandes)<\/small><em><br \/>\n<\/em><\/cite><\/p>","protected":false},"excerpt":{"rendered":"<p>Kendo in Niedersachsen Herzlich Willkommen auf der Webseite des Nieders\u00e4chsischen Kendoverband e.V. (NKenV). Hier finden Sie Informationen und Ansprechpartner Rund um das Thema Kendo in Niedersachsen. Schauen Sie sich gerne in Ruhe um. &nbsp; &nbsp; &#8222;Der NKenV verfolgt insbesondere den Zweck, die Kendovereine, Kendoabteilungen in Sportvereinen und sonstigen Gemeinschaften die Kendo im Sinne des Amateurgedankens &hellip; <\/p>\n<p class=\"link-more\"><a href=\"https:\/\/nkenv.de\/\" class=\"more-link\"><span class=\"screen-reader-text\">\u201eDer NKenV\u201c <\/span>weiterlesen<\/a><\/p>\n","protected":false},"author":1,"featured_media":0,"parent":0,"menu_order":0,"comment_status":"closed","ping_status":"closed","template":"","meta":{"footnotes":""},"simple-restrict-permission":[],"class_list":["post-172","page","type-page","status-publish","hentry"],"_links":{"self":[{"href":"https:\/\/nkenv.de\/index.php?rest_route=\/wp\/v2\/pages\/172","targetHints":{"allow":["GET"]}}],"collection":[{"href":"https:\/\/nkenv.de\/index.php?rest_route=\/wp\/v2\/pages"}],"about":[{"href":"https:\/\/nkenv.de\/index.php?rest_route=\/wp\/v2\/types\/page"}],"author":[{"embeddable":true,"href":"https:\/\/nkenv.de\/index.php?rest_route=\/wp\/v2\/users\/1"}],"replies":[{"embeddable":true,"href":"https:\/\/nkenv.de\/index.php?rest_route=%2Fwp%2Fv2%2Fcomments&post=172"}],"version-history":[{"count":16,"href":"https:\/\/nkenv.de\/index.php?rest_route=\/wp\/v2\/pages\/172\/revisions"}],"predecessor-version":[{"id":924,"href":"https:\/\/nkenv.de\/index.php?rest_route=\/wp\/v2\/pages\/172\/revisions\/924"}],"wp:attachment":[{"href":"https:\/\/nkenv.de\/index.php?rest_route=%2Fwp%2Fv2%2Fmedia&parent=172"}],"wp:term":[{"taxonomy":"simple-restrict-permission","embeddable":true,"href":"https:\/\/nkenv.de\/index.php?rest_route=%2Fwp%2Fv2%2Fsimple-restrict-permission&post=172"}],"curies":[{"name":"wp","href":"https:\/\/api.w.org\/{rel}","templated":true}]}}