{"id":18,"date":"2014-07-05T17:03:59","date_gmt":"2014-07-05T15:03:59","guid":{"rendered":"http:\/\/nkenv.de\/?page_id=18"},"modified":"2024-01-29T11:11:33","modified_gmt":"2024-01-29T10:11:33","slug":"was-ist-kendo","status":"publish","type":"page","link":"https:\/\/nkenv.de\/?page_id=18","title":{"rendered":"Was ist Kendo?"},"content":{"rendered":"<section id=\"builder-section-1404582549539\" class=\"builder-section-first builder-section builder-section-text builder-section-last builder-text-columns-1\" style=\"background-size: cover; background-repeat: no-repeat;background-position: center center;\">\n<div class=\"builder-section-content\">\n<div class=\"builder-text-row\">\n<div class=\"builder-text-column builder-text-column-1\" id=\"builder-section-1404582549539-column-1\">\n<div class=\"builder-text-content\">\n<h2 style=\"color: #7f7f7f;\">Die Geschichte des Kendo<\/h2>\n<p><small><b style=\"color: #000000;\">Die Anf\u00e4nge des Schwertkampfes in Japan<\/b><span style=\"color: #000000;\">\u00a0<\/span><\/small><br style=\"color: #000000;\" \/><br style=\"color: #000000;\" \/><small><span style=\"color: #000000;\">Die Geschichte des japanischen Schwertfechtens begann im 4.-7. Jahrhundert, als sich das eiserne Schwert vom Kontinent \u00fcber Korea nach Japan als n\u00fctzliche Kampfwaffe ausbreitete. Zu dieser Zeit war das Schwert (Tachi) flach und massiv und hatte eher Statuscharakter. Mit zunehmender Verwendung im Kampf wurde es leichter, sch\u00e4rfer und leicht gebogen geschmiedet. Zum Ende der Heian-Epoche (12. Jhdt) waren immer noch Pfeil und Bogen die wichtigste Kriegswaffe, erst w\u00e4hrend der folgenden Kamakura-Epoche (1185-1333) errang das Schwert (Nihonto) gleichrangige Bedeutung auf dem Schlachtfeld. In der kriegerischen Muromachi- Epoche breitete die Schwerttechnik dann schnell \u00fcber das Land aus. Anf\u00e4nglich gab es noch keinen einheitlichen Schwertkampfstil, erst sp\u00e4ter entwickelten sich aus den verschiedenen Handgriffen einige Dutzend unterschiedliche Fechttechniken. Jeder Fechtlehrer verbesserte seinen Fechtstil und gr\u00fcndete bei Erfolg eine eigene Schule (Dojo) f\u00fcr die Kunst des Schwertkampfes (Kenjutsu). Kenjutsu wurde zum Pflichtfach jedes Samurais (Mitglied der Kriegerkaste), deren ber\u00fchmte Lehrer die Erkenntnisse \u00fcber ihre Techniken schriftlich niederlegten und weitergaben. Die Einf\u00fchrung von Kopf- und Handschutz brachte die Kunst des Schwertkampfes einen gro\u00dfen Schritt nach vorne, da die Schl\u00e4ge nunmehr ausgef\u00fchrt statt nur angedeutet werden konnten. Als sich die herrschenden Klassen im 19. Jhdt allm\u00e4hlich aufl\u00f6sten, wurde innerhalb des Kenjutsus ein K\u00e4mpfer (Bushi) nicht mehr nach Herkunft oder Dojo-Zugeh\u00f6rigkeit beurteilt, sondern nach seinen Kampfleistungen. 1853 erzwang die amerikanische Flotte mit Angriffsdrohungen die \u00d6ffnung des Landes nach aussen. Die Japaner erkannten die Macht der neuen Waffen und bedienten sich ihrer. Kenjutsu drohte sogar auszusterben, als das Meiji-Edikt von 1876 das Tragen scharfer Schwerter verbot. Nur die Pflege in den Polizeischulen rettete es davor. In den dicht darauf folgenden Kriegen wurde es wieder in die milit\u00e4rische Ausbildung aufgenommen und fand viele Anh\u00e4nger. Unter dem Namen Kendo wurde es in den Lehrplan der Schulen aufgenommen. 1931 wurde es neben Judo Pflichtfach.\u00a0<\/span><\/small><br style=\"color: #000000;\" \/><br style=\"color: #000000;\" \/><br style=\"color: #000000;\" \/><small><b style=\"color: #000000;\">Kendo im zwanzigsten Jahrhundert<\/b><span style=\"color: #000000;\">\u00a0<\/span><\/small><br style=\"color: #000000;\" \/><br style=\"color: #000000;\" \/><small><span style=\"color: #000000;\">In den folgenden Kriegsjahren wurde Kendo wieder als Kampfmittel entfremdet, worauf die Alliierten die \u00d6ffentliche Aus\u00fcbung nach Beendigung des zweiten Weltkriegs verboten. Erst nach Gr\u00fcndung von Studentenverb\u00e4nden 1948 gewann Kendo neue Anh\u00e4nger, es konnten erneut Kendomeisterschaften stattfinden und 1953 wurde auch das Verbot von Schulkendo aufgehoben. Heute z\u00e4hlen Kendo und Judo jeweils \u00fcber 5 Millionen Aktive in Japan. Beim Kendo geht es um einen Weg der Selbsterfahrung, der Schulung und Entwicklung des Geistes und des Bewu\u00dftseins, einen Weg (Do) des Lebens, dem man folgen kann. Auch wenn es sich damit von Kenjutsu (der Technik des Schwertkampfes) abgrenzt, steht der sportliche Aspekt au\u00dfer Zweifel. Abgesehen von gelegentlichen Kendovorf\u00fchrungen japanischer Milit\u00e4rs sowohl vor dem 1. als auch dem 2. Weltkrieg wird Kendo erst seit 1966 in Deutschland praktiziert.\u00a0<\/span><\/small><br style=\"color: #000000;\" \/><br style=\"color: #000000;\" \/><br style=\"color: #000000;\" \/><small><b style=\"color: #000000;\">Kendo heute<\/b><span style=\"color: #000000;\">\u00a0<\/span><\/small><br style=\"color: #000000;\" \/><br style=\"color: #000000;\" \/><small><span style=\"color: #000000;\">Als aktiver Kendoka hat man heute eine gro\u00dfe Anzahl an M\u00f6glichkeiten seinen Sport auszu\u00fcben. Neben den Angeboten unserer Mitgliedsvereine wird auf Landesebene (NKenV) ein regelm\u00e4\u00dfiges Programm aus Lehrg\u00e4ngen und Meisterschaften \u00fcber das Jahr verteilt angeboten. Dazu werden hochrangige Kendolehrer eingeladen, die dann z.B. in Wochenendseminaren die Teilnehmer anleiten. Ambitionierte Kendoka k\u00f6nnen sich regelm\u00e4\u00dfig auf Turnieren mit anderen Sportlern messen. Dar\u00fcber hinaus besteht unter anderem die M\u00f6glichkeit am Mannschaftstraining f\u00fcr die Deutsche Mannschaftsmeisterschaft teilzunehmen. Auch wer Kendo eher als Freizeitsport betreiben m\u00f6chte, hat bei uns immer die Gelegenheit sich sowohl im sportlichen als auch im geselligen Rahmen zu bewegen. So findet zum Beispiel jedes Jahr ein Sommertreffen der nieders\u00e4chsischen Vereine statt, bei dem man sich in gem\u00fctlicher Runde mit anderen Kendokas austauschen kann.<\/span><\/small><\/p>\n<\/p><\/div>\n<\/p><\/div>\n<\/p><\/div>\n<\/p><\/div>\n<\/section>\n","protected":false},"excerpt":{"rendered":"<p>Die Geschichte des Kendo Die Anf\u00e4nge des Schwertkampfes in Japan\u00a0Die Geschichte des japanischen Schwertfechtens begann im 4.-7. Jahrhundert, als sich das eiserne Schwert vom Kontinent \u00fcber Korea nach Japan als n\u00fctzliche Kampfwaffe ausbreitete. Zu dieser Zeit war das Schwert (Tachi) flach und massiv und hatte eher Statuscharakter. Mit zunehmender Verwendung im Kampf wurde es leichter, &hellip; <\/p>\n<p class=\"link-more\"><a href=\"https:\/\/nkenv.de\/?page_id=18\" class=\"more-link\"><span class=\"screen-reader-text\">\u201eWas ist Kendo?\u201c <\/span>weiterlesen<\/a><\/p>\n","protected":false},"author":1,"featured_media":0,"parent":0,"menu_order":4,"comment_status":"closed","ping_status":"closed","template":"","meta":{"footnotes":""},"simple-restrict-permission":[],"class_list":["post-18","page","type-page","status-publish","hentry"],"_links":{"self":[{"href":"https:\/\/nkenv.de\/index.php?rest_route=\/wp\/v2\/pages\/18","targetHints":{"allow":["GET"]}}],"collection":[{"href":"https:\/\/nkenv.de\/index.php?rest_route=\/wp\/v2\/pages"}],"about":[{"href":"https:\/\/nkenv.de\/index.php?rest_route=\/wp\/v2\/types\/page"}],"author":[{"embeddable":true,"href":"https:\/\/nkenv.de\/index.php?rest_route=\/wp\/v2\/users\/1"}],"replies":[{"embeddable":true,"href":"https:\/\/nkenv.de\/index.php?rest_route=%2Fwp%2Fv2%2Fcomments&post=18"}],"version-history":[{"count":5,"href":"https:\/\/nkenv.de\/index.php?rest_route=\/wp\/v2\/pages\/18\/revisions"}],"predecessor-version":[{"id":435,"href":"https:\/\/nkenv.de\/index.php?rest_route=\/wp\/v2\/pages\/18\/revisions\/435"}],"wp:attachment":[{"href":"https:\/\/nkenv.de\/index.php?rest_route=%2Fwp%2Fv2%2Fmedia&parent=18"}],"wp:term":[{"taxonomy":"simple-restrict-permission","embeddable":true,"href":"https:\/\/nkenv.de\/index.php?rest_route=%2Fwp%2Fv2%2Fsimple-restrict-permission&post=18"}],"curies":[{"name":"wp","href":"https:\/\/api.w.org\/{rel}","templated":true}]}}