{"id":954,"date":"2024-03-12T09:34:39","date_gmt":"2024-03-12T08:34:39","guid":{"rendered":"https:\/\/nkenv.de\/?page_id=954"},"modified":"2026-02-04T16:10:52","modified_gmt":"2026-02-04T15:10:52","slug":"praesidium","status":"publish","type":"page","link":"https:\/\/nkenv.de\/?page_id=954","title":{"rendered":"Das Pr\u00e4sidium des NKenV"},"content":{"rendered":"\n<p><\/p>\n\n\n\n<h2 class=\"wp-block-heading\"><\/h2>\n\n\n\n<h2 class=\"wp-block-heading\">Gesch\u00e4ftsf\u00fchrung<\/h2>\n\n\n\n<p>Pr\u00e4sident<\/p>\n\n\n\n<p>Sebastian Both, <em>Kendo 5. Dan<\/em><\/p>\n\n\n\n<p><em>praesident@nkenv.de<\/em><\/p>\n\n\n\n<hr class=\"wp-block-separator has-alpha-channel-opacity\"\/>\n\n\n\n<p>Vizepr\u00e4sident<\/p>\n\n\n\n<p>Matthias Kitscha, <em>Kendo 4. Dan<\/em><\/p>\n\n\n\n<p><em>vizepraesident@nkenv.de<\/em><\/p>\n\n\n\n<hr class=\"wp-block-separator has-alpha-channel-opacity\"\/>\n\n\n\n<p>Schatzmeister<\/p>\n\n\n\n<p>Eiji Ohashi, <em>Kendo Renshi 6. Dan<\/em><\/p>\n\n\n\n<p><em>schatzmeister@nkenv.de<\/em><\/p>\n\n\n\n<p><\/p>\n\n\n\n<h2 class=\"wp-block-heading\">Erweiterter Vorstand<\/h2>\n\n\n\n<p>Referent f\u00fcr \u00d6ffentlichkeitsarbeit<\/p>\n\n\n\n<p>N.N. (kommissarische Leitung durch die Gesch\u00e4ftsf\u00fchrung)<\/p>\n","protected":false},"excerpt":{"rendered":"<p>Gesch\u00e4ftsf\u00fchrung Pr\u00e4sident Sebastian Both, Kendo 5. Dan praesident@nkenv.de Vizepr\u00e4sident Matthias Kitscha, Kendo 4. Dan vizepraesident@nkenv.de Schatzmeister Eiji Ohashi, Kendo Renshi 6. Dan schatzmeister@nkenv.de Erweiterter Vorstand Referent f\u00fcr \u00d6ffentlichkeitsarbeit N.N. (kommissarische Leitung durch die Gesch\u00e4ftsf\u00fchrung)<\/p>\n","protected":false},"author":1,"featured_media":0,"parent":172,"menu_order":1,"comment_status":"closed","ping_status":"closed","template":"","meta":{"footnotes":""},"simple-restrict-permission":[],"class_list":["post-954","page","type-page","status-publish","hentry"],"_links":{"self":[{"href":"https:\/\/nkenv.de\/index.php?rest_route=\/wp\/v2\/pages\/954","targetHints":{"allow":["GET"]}}],"collection":[{"href":"https:\/\/nkenv.de\/index.php?rest_route=\/wp\/v2\/pages"}],"about":[{"href":"https:\/\/nkenv.de\/index.php?rest_route=\/wp\/v2\/types\/page"}],"author":[{"embeddable":true,"href":"https:\/\/nkenv.de\/index.php?rest_route=\/wp\/v2\/users\/1"}],"replies":[{"embeddable":true,"href":"https:\/\/nkenv.de\/index.php?rest_route=%2Fwp%2Fv2%2Fcomments&post=954"}],"version-history":[{"count":7,"href":"https:\/\/nkenv.de\/index.php?rest_route=\/wp\/v2\/pages\/954\/revisions"}],"predecessor-version":[{"id":1127,"href":"https:\/\/nkenv.de\/index.php?rest_route=\/wp\/v2\/pages\/954\/revisions\/1127"}],"up":[{"embeddable":true,"href":"https:\/\/nkenv.de\/index.php?rest_route=\/wp\/v2\/pages\/172"}],"wp:attachment":[{"href":"https:\/\/nkenv.de\/index.php?rest_route=%2Fwp%2Fv2%2Fmedia&parent=954"}],"wp:term":[{"taxonomy":"simple-restrict-permission","embeddable":true,"href":"https:\/\/nkenv.de\/index.php?rest_route=%2Fwp%2Fv2%2Fsimple-restrict-permission&post=954"}],"curies":[{"name":"wp","href":"https:\/\/api.w.org\/{rel}","templated":true}]}}